{"id":173,"date":"2017-06-08T18:49:00","date_gmt":"2017-06-08T18:49:00","guid":{"rendered":"http:\/\/projecthealthforleon.org\/newweb\/?page_id=173"},"modified":"2025-11-01T02:19:05","modified_gmt":"2025-11-01T02:19:05","slug":"en-espanol","status":"publish","type":"page","link":"https:\/\/projecthealthforleon.org\/?page_id=173","title":{"rendered":"Acerca de PHL"},"content":{"rendered":"<p><img loading=\"lazy\" decoding=\"async\" class=\"wp-image-862 alignleft\" src=\"https:\/\/projecthealthforleon.org\/wp-content\/uploads\/2025\/10\/cropped-Weblogo-300x300.jpg\" alt=\"\" width=\"136\" height=\"136\" srcset=\"https:\/\/projecthealthforleon.org\/wp-content\/uploads\/2025\/10\/cropped-Weblogo-300x300.jpg 300w, https:\/\/projecthealthforleon.org\/wp-content\/uploads\/2025\/10\/cropped-Weblogo-150x150.jpg 150w, https:\/\/projecthealthforleon.org\/wp-content\/uploads\/2025\/10\/cropped-Weblogo-270x270.jpg 270w, https:\/\/projecthealthforleon.org\/wp-content\/uploads\/2025\/10\/cropped-Weblogo-192x192.jpg 192w, https:\/\/projecthealthforleon.org\/wp-content\/uploads\/2025\/10\/cropped-Weblogo-180x180.jpg 180w, https:\/\/projecthealthforleon.org\/wp-content\/uploads\/2025\/10\/cropped-Weblogo-32x32.jpg 32w, https:\/\/projecthealthforleon.org\/wp-content\/uploads\/2025\/10\/cropped-Weblogo.jpg 512w\" sizes=\"auto, (max-width: 136px) 100vw, 136px\" \/><\/p>\n<p>&nbsp;<\/p>\n<p>&nbsp;<\/p>\n<p>&nbsp;<\/p>\n<p>&nbsp;<\/p>\n<p><strong>Proyecto\u00a0 de Salud para Le\u00f3n (PHL)<\/strong><\/p>\n<p>Los or\u00edgenes del PHL podr\u00edan trazarse desde 1984 cuando el Dr. John Paar visito Nicaragua como observador con el grupo \u00abWitness of Peace\u00bb. Durante ese a\u00f1o, el Dr. Paar se familiariz\u00f3 con los principales problemas de salud de los nicarag\u00fcenses. El a\u00f1o siguiente, \u00e9l retorno como invitado especial del Dr. Gustavo Sequeira Madriz (q.e.p.d) para dar conferencias y atender pacientes con condiciones cardiacas. En 1985 el Dr. Paar en compa\u00f1\u00eda del Dr. William Sullivan y otros cooperantes se unieron al esfuerzo con brigadas quir\u00fargica y ortop\u00e9dica. Estos \u00faltimos luego formaron su propio grupo conocido como COAN (Cooperaci\u00f3n Ortop\u00e9dica Americana Nicarag\u00fcense), bajo el liderazgo del Dr. Bob Caudle. Alrededor del mismo tiempo, el Dr. Charles Helton empez\u00f3 a llevar pacientes nicarag\u00fcenses para operarse al hospital \u00abWakeMed\u00bb en Carolina del Norte. El tambi\u00e9n ayudo a conseguir equipamiento para habilitar una sala para cirug\u00eda de coraz\u00f3n abierto recientemente creada en el HEODRA.<\/p>\n<p>Oficialmente PHL fue fundado por el Dr. Paar, Sullivan, Helton y otros como una organizaci\u00f3n sin fines de lucro {501(c)(3)} en 1989. Por algunos a\u00f1os con el patrocinio de \u00abVariety Club\u00bb un grupo de cirujanos pedi\u00e1tricos cardiacos de la universidad de Duke realizo m\u00faltiples cirug\u00edas en el HEODRA.<\/p>\n<p>La primera cirug\u00eda de coraz\u00f3n abierto realizada en el HEODRA bajo el auspicio de PHL fue realizada por el doctor John Judson, posteriormente por los doctores Charles Helton, Merrill Hunter y m\u00e1s reciente aun por el doctor Ted Koutlas.<\/p>\n<p>Bajo el liderazgo de los doctores John Rose y David Hannon se estableci\u00f3 una cooperaci\u00f3n bidireccional entre la Universidad de Carolina del Este y la UNAN-Le\u00f3n. Bajo esta cooperaci\u00f3n estudiantes y residentes de la UNAN-Le\u00f3n han hecho pasant\u00edas en los estados unidos al igual que estudiantes de Carolina del Norte lo han hecho en Nicaragua. Paulatinamente se han ido incorporando m\u00e1s m\u00e9dicos y otros proveedores de salud de diferentes instituciones incluyendo la Universidad de Carolina del Norte, la Universidad de Georgetown, entre otros. De tal manera que el programa de cardiolog\u00eda se ha ampliado paulatinamente. Por ejemplo, el doctor Jeff Brumfield ha tra\u00eddo al HEODRA equipos para realizar procedimientos y estudios de electrofisiolog\u00eda cardiaca. Igualmente, el grupo de la Universidad de Carolina del Norte en Chapel Hill bajo el liderazgo de los doctores Carlos Espinoza, Mike Yeung, John Vavalle, Elman Frantz, Alan Hinderliter, Thelsa Wieckert han realizado diferentes procedimientos m\u00ednimamente invasivos para corregir defectos cardiacos cong\u00e9nitos y adquiridos.<\/p>\n<p>Por otra parte, PHL ha capacitado localmente y en el extranjero (Estados Unidos y M\u00e9xico) a colegas nicarag\u00fcenses que trabajan y han trabajado como contraparte de PHL en Le\u00f3n.<\/p>\n<p>En el transcurso de los a\u00f1os, se han atendido cientos, quiz\u00e1s miles de pacientes con condiciones cardiacas y otros males y se han realizado m\u00e1s de cien cirug\u00edas de coraz\u00f3n abierto en el HEODRA. Tambi\u00e9n se han tra\u00eddo pacientes con condiciones complejas a operarse en los Estados Unidos.<\/p>\n<p>El objetivo general de PHL es mejorar la salud de los nicarag\u00fcenses a trav\u00e9s de la educaci\u00f3n del personal de salud local. Adicionalmente la obtenci\u00f3n de equipos y abastecimiento apropiado para poder dar consultas, realizar cirug\u00edas y\/o procedimientos m\u00ednimamente invasivos en Nicaragua.<\/p>\n<p>Muchas gracias.<\/p>\n<p>Junta directiva de PHL<\/p>\n","protected":false},"excerpt":{"rendered":"<p>&nbsp; &nbsp; &nbsp; &nbsp; Proyecto\u00a0 de Salud para Le\u00f3n (PHL) Los or\u00edgenes del PHL podr\u00edan trazarse desde 1984 cuando el Dr. John Paar visito Nicaragua&hellip;<\/p>\n","protected":false},"author":1,"featured_media":884,"parent":0,"menu_order":0,"comment_status":"closed","ping_status":"closed","template":"","meta":{"footnotes":""},"class_list":["post-173","page","type-page","status-publish","has-post-thumbnail","hentry"],"_links":{"self":[{"href":"https:\/\/projecthealthforleon.org\/index.php?rest_route=\/wp\/v2\/pages\/173","targetHints":{"allow":["GET"]}}],"collection":[{"href":"https:\/\/projecthealthforleon.org\/index.php?rest_route=\/wp\/v2\/pages"}],"about":[{"href":"https:\/\/projecthealthforleon.org\/index.php?rest_route=\/wp\/v2\/types\/page"}],"author":[{"embeddable":true,"href":"https:\/\/projecthealthforleon.org\/index.php?rest_route=\/wp\/v2\/users\/1"}],"replies":[{"embeddable":true,"href":"https:\/\/projecthealthforleon.org\/index.php?rest_route=%2Fwp%2Fv2%2Fcomments&post=173"}],"version-history":[{"count":15,"href":"https:\/\/projecthealthforleon.org\/index.php?rest_route=\/wp\/v2\/pages\/173\/revisions"}],"predecessor-version":[{"id":867,"href":"https:\/\/projecthealthforleon.org\/index.php?rest_route=\/wp\/v2\/pages\/173\/revisions\/867"}],"wp:featuredmedia":[{"embeddable":true,"href":"https:\/\/projecthealthforleon.org\/index.php?rest_route=\/wp\/v2\/media\/884"}],"wp:attachment":[{"href":"https:\/\/projecthealthforleon.org\/index.php?rest_route=%2Fwp%2Fv2%2Fmedia&parent=173"}],"curies":[{"name":"wp","href":"https:\/\/api.w.org\/{rel}","templated":true}]}}