{"id":614,"date":"2020-12-23T01:13:39","date_gmt":"2020-12-23T01:13:39","guid":{"rendered":"http:\/\/projecthealthforleon.org\/?page_id=614"},"modified":"2025-11-01T02:26:53","modified_gmt":"2025-11-01T02:26:53","slug":"boletin-informativo","status":"publish","type":"page","link":"https:\/\/projecthealthforleon.org\/?page_id=614","title":{"rendered":"Bolet\u00edn Informativo"},"content":{"rendered":"<p><strong>Bolet\u00edn informativo anual 2023<\/strong><\/p>\n<p>Febrero 13, 2024<\/p>\n<p>Estimados amigos de PHL<\/p>\n<p>El a\u00f1o pasado establecimos varios r\u00e1cords. PHL organiz\u00f3 y ejecut\u00f3 un total de cuatro misiones medicas en las cuales evaluamos un total de 370 pacientes en cl\u00ednica (consulta externa), se realizaron un total de 29 procedimientos con cat\u00e9teres y se realizaron un total de 10 cirug\u00edas a coraz\u00f3n abierto. Nada de esto hubiese sido posible sin la contribuci\u00f3n de donantes y voluntarios. En nombre de PHL quiero agradecer profundamente a ellos por compartir sus recursos, tiempo y habilidades con la organizaci\u00f3n.<\/p>\n<p>En enero, Mike Yeung encabezo el primer grupo que evalu\u00f3 cerca de 100 pacientes con problemas cardiacos, de los cuales muchos de ellos necesitaban procedimientos o cirug\u00eda para corregir sus problemas. En mayo, Jeff Brumfield dirigi\u00f3 el segundo grupo que evalu\u00f3 cerca de 100 pacientes y realizo 21 procedimientos, incluyendo ablaciones cardiacas e implante de marcapasos y desfibriladores. En septiembre, Mike Yeung regreso a Nicaragua y realizado exitosamente 8 intervenciones m\u00ednimamente invasivas para corregir defectos valvulares cardiacos, adem\u00e1s se evaluaron pacientes en cl\u00ednica. Finalmente, en diciembre un equipo de voluntarios multinacional proveniente de Espa\u00f1a, Portugal, Malta y Estados Unidos viajamos a Leon para realizar cirug\u00edas de coraz\u00f3n abierto. En colaboraci\u00f3n con las autoridades del MINSA se consiguieron consumibles y personal local especializado tales como anestesistas, perfusionista y cardi\u00f3logos que trabajaron hombro a hombro con nosotros. Estamos agradecidos con el apoyo brindado por el MINSA en esta misi\u00f3n. Nuestro grupo opero una gran variedad de problemas cardiacos incluyendo anomal\u00edas cong\u00e9nitas, adquiridas, patolog\u00edas valvulares, casos de urgencias, en adultos y ni\u00f1os.<\/p>\n<p>&nbsp;<\/p>\n<p>PHL tambi\u00e9n envi\u00f3 un contenedor con consumibles y equipos a Nicaragua con un valor estimado de 56,584 d\u00f3lares. La mayor\u00eda de estos materiales fueron donados e inclu\u00edan equipos como monitores, desfibriladores, maquinas de ultrasonidos y sondas para realizar ecocardiogramas transesofagico e intravasculares. Estos consumibles fueron usados en las jornadas de septiembre y diciembre.<\/p>\n<p>&nbsp;<\/p>\n<p>Una de las misiones importantes de PHL es la educaci\u00f3n y entrenamiento de profesionales de la salud nicarag\u00fcense. El a\u00f1o pasado, facilitamos la rotaci\u00f3n de un cardi\u00f3logo nicarag\u00fcense a Carolina del Norte, Estados Unidos. El colega permaneci\u00f3 con nosotros mas de un mes y participo activamente en las actividades docentes, las visitas m\u00e9dicas, y recibi\u00f3 entrenamiento en lectura de un sinn\u00famero de modalidades diagnostica cardiacas incluyendo ecocardiograf\u00eda, electrocardiograf\u00eda, medicina nuclear y angiograf\u00eda perif\u00e9rica y coronaria. \u00a0Tenemos planes de patrocinar en el futuro el entrenamiento de colegas para que estudien perfusi\u00f3n cardiaca, t\u00e9cnico de laboratorio cardiovascular, etc. Pensamos que esto facilitar\u00eda la conformaci\u00f3n de un equipo cardiovascular local que podr\u00eda realizar procedimientos de manera autosostenible. Nuestro equipo continuara apoyando el entrenamiento y educaci\u00f3n de profesionales de salud claves para mejorar la calidad de la atenci\u00f3n en Nicaragua.<\/p>\n<p>&nbsp;<\/p>\n<p>Nuestro plan para el 2024 es retornar en marzo para ver pacientes en cl\u00ednica. En mayo el Dr. Brumfield planea retorna para hacer procedimientos de electrofisiolog\u00eda cardiaca. En septiembre esperamos realizar una misi\u00f3n de dos semanas para hacer intervenciones m\u00ednimamente invasivas y cirug\u00edas a coraz\u00f3n abierto. Nuestro ambicioso plan es poder implantar v\u00e1lvulas aorticas a trav\u00e9s de cat\u00e9teres (TAVI). De lograrlo, seria el primer procedimiento de esta naturaleza realizado en un hospital publico y por una brigada m\u00e9dica. En el futuro tambi\u00e9n exploramos la posibilidad de hacer dos jornadas de cirug\u00eda a coraz\u00f3n abierto por a\u00f1o, estamos trabajando pare reclutar mas personal para ello. Finalmente, estamos colaborando con la Universidad de Columbia en Nueva York para desarrollar un proyecto de investigaci\u00f3n para hacer detecci\u00f3n temprana de enfermedad reum\u00e1tica del coraz\u00f3n utilizando equipo de ecograf\u00eda manual port\u00e1til.<\/p>\n<p>&nbsp;<\/p>\n<p>PHL es un ente no gubernamental que trabaja a trav\u00e9s de donaciones privadas. Equipo m\u00e9dicos y consumibles son caros y tu contribuci\u00f3n es bienvenida para continuar con la misi\u00f3n de ayudar a la poblaci\u00f3n nicarag\u00fcense. Estamos registrados como organizaci\u00f3n sin fines de lucro (501(C)(3)) y tus contribuciones son deducibles de impuestos. Hay dos maneras de contribuir; a trav\u00e9s de cheques enviados a nuestra direcci\u00f3n postal o a trav\u00e9s del enlace en nuestro sitio web.<\/p>\n<p>En nombre de PHL quiero agradecer por tu valiosa colaboraci\u00f3n.<\/p>\n<p>&nbsp;<\/p>\n<p>Sinceramente,<\/p>\n<p>&nbsp;<\/p>\n<p>Carlos A. Espinoza, MD, FACP<\/p>\n<p>Presidente de PHL.<\/p>\n","protected":false},"excerpt":{"rendered":"<p>Bolet\u00edn informativo anual 2023 Febrero 13, 2024 Estimados amigos de PHL El a\u00f1o pasado establecimos varios r\u00e1cords. PHL organiz\u00f3 y ejecut\u00f3 un total de cuatro&hellip;<\/p>\n","protected":false},"author":1,"featured_media":885,"parent":0,"menu_order":0,"comment_status":"closed","ping_status":"closed","template":"","meta":{"footnotes":""},"class_list":["post-614","page","type-page","status-publish","has-post-thumbnail","hentry"],"_links":{"self":[{"href":"https:\/\/projecthealthforleon.org\/index.php?rest_route=\/wp\/v2\/pages\/614","targetHints":{"allow":["GET"]}}],"collection":[{"href":"https:\/\/projecthealthforleon.org\/index.php?rest_route=\/wp\/v2\/pages"}],"about":[{"href":"https:\/\/projecthealthforleon.org\/index.php?rest_route=\/wp\/v2\/types\/page"}],"author":[{"embeddable":true,"href":"https:\/\/projecthealthforleon.org\/index.php?rest_route=\/wp\/v2\/users\/1"}],"replies":[{"embeddable":true,"href":"https:\/\/projecthealthforleon.org\/index.php?rest_route=%2Fwp%2Fv2%2Fcomments&post=614"}],"version-history":[{"count":4,"href":"https:\/\/projecthealthforleon.org\/index.php?rest_route=\/wp\/v2\/pages\/614\/revisions"}],"predecessor-version":[{"id":809,"href":"https:\/\/projecthealthforleon.org\/index.php?rest_route=\/wp\/v2\/pages\/614\/revisions\/809"}],"wp:featuredmedia":[{"embeddable":true,"href":"https:\/\/projecthealthforleon.org\/index.php?rest_route=\/wp\/v2\/media\/885"}],"wp:attachment":[{"href":"https:\/\/projecthealthforleon.org\/index.php?rest_route=%2Fwp%2Fv2%2Fmedia&parent=614"}],"curies":[{"name":"wp","href":"https:\/\/api.w.org\/{rel}","templated":true}]}}